{"id":2267,"date":"2023-12-12T08:05:25","date_gmt":"2023-12-12T08:05:25","guid":{"rendered":"https:\/\/stage.pl.havas.com\/zasady-przetwarzania-danych-osobowych\/"},"modified":"2023-12-12T09:44:12","modified_gmt":"2023-12-12T09:44:12","slug":"terms-of-personal-data-processing","status":"publish","type":"page","link":"https:\/\/pl.havas.com\/en\/terms-of-personal-data-processing\/","title":{"rendered":"Terms of personal data processing"},"content":{"rendered":"<div class=\"container -content numb\">\n<ol>\n<p class=\"pb-0\">\n<li>\n         <strong>Administrator Danych Osobowych<\/strong><br \/>\n         Administratorami Twoich danych osobowych b\u0119d\u0105:<br \/>\n         <strong>Havas Warsaw Sp. z o.o.<\/strong> z siedzib\u0105 w Warszawie, ul. J\u00f3zefa Piusa Dzieko\u0144skiego 1, 00-728 Warszawa  oraz<br \/>\n         <strong> Havas Media Sp. z o.o.<\/strong>  z siedzib\u0105 w Warszawie, ul. J\u00f3zefa Piusa Dzieko\u0144skiego 1, 00-728 Warszawa (dalej: \u201eAdministratorzy\u201d). Mo\u017cesz si\u0119 z nami skontaktowa\u0107 w nast\u0119puj\u0105cy spos\u00f3b:<br \/>\n         1.1  listownie na adres: podany powy\u017cej z dopiskiem \u201cInspektor Ochrony Danych\u201d<br \/>\n         1.2  przez e-mail: <a href=\"mailto:iod.pl@havas.com\">iod.pl@havas.com<\/a><br \/>\n         1.3  telefonicznie: 22\u202f444 0 888\n      <\/li>\n<\/p>\n<p class=\"pb-0\">\n<li><strong>Inspektor Ochrony Danych<\/strong><br \/>\n         Wyznaczyli\u015bmy Inspektora Ochrony Danych. Jest to osoba, z kt\u00f3r\u0105 mo\u017cesz si\u0119 kontaktowa\u0107 we wszystkich sprawach dotycz\u0105cych przetwarzania danych osobowych oraz korzystania z praw zwi\u0105zanych z przetwarzaniem danych. Z Inspektorem mo\u017cesz si\u0119 kontaktowa\u0107 w nast\u0119puj\u0105cy spos\u00f3b:<\/p>\n<ol> 2.1 listownie na adres: Havas Warsaw Sp. z o.o., ul. J\u00f3zefa Piusa Dzieko\u0144skiego 1, 00-728 Warszawa z dopiskiem \u201eInspektor Ochrony Danych\u201d<br \/>\n            2.2 listownie na adres: Havas Media Sp. z o.o., ul. J\u00f3zefa Piusa Dzieko\u0144skiego 1, 00-728 Warszawa z dopiskiem \u201eInspektor Ochrony Danych\u201d<br \/>\n            2.3 przez e-mail: <a href=\"mailto:iod.pl@havas.com\">iod.pl@havas.com<\/a>\n         <\/ol>\n<\/li>\n<p class=\"pb-0\">\n<li>\n         <strong>Cele przetwarzania Twoich danych osobowych oraz podstawa prawna przetwarzania  <\/strong><br \/>\n         Celem przetwarzania Twoich danych osobowych jest: &nbsp;<\/p>\n<ol>\n            3.1  Przeprowadzenie procesu rekrutacji prowadzonego przez Administrator\u00f3w danych,<br \/>\n            3.2  Przeprowadzanie przysz\u0142ych proces\u00f3w rekrutacji, prowadzonych przez Administrator\u00f3w danych.<br \/>\n            Podstaw\u0105 prawn\u0105 przetwarzania Twoich danych osobowych jest:<\/p>\n<ul>\n<li>przepis prawa \u2013 w zakresie okre\u015blonym w przepisach Kodeksu Pracy,<\/li>\n<li>zgoda \u2013 w zakresie, jaki nie wynika z przepis\u00f3w Kodeksu Pracy.<\/li>\n<\/ul>\n<\/ol>\n<\/li>\n<p class=\"pb-0\">\n<li>\n         <strong> Okres przechowywania danych osobowych  <\/strong><br \/>\n         Administratorzy nie b\u0119d\u0105 przechowywali Twoich danych osobowych po zako\u0144czeniu procesu rekrutacji.<br \/>\n         W razie wyra\u017cenia przez Ciebie zgody na przetwarzanie danych osobowych dla cel\u00f3w przysz\u0142ych proces\u00f3w rekrutacji, Administratorzy b\u0119d\u0105 przechowywali Twoje dane do momentu wycofania zgody, jednak nie d\u0142u\u017cej ni\u017c 2 lata od momentu przes\u0142ania aplikacji\n      <\/li>\n<\/p>\n<p class=\"pb-0\">\n<li>\n         <strong> Odbiorcy Twoich danych osobowych <\/strong><br \/>\n         Administratorzy b\u0119d\u0105 przekazywali Twoje dane osobowe podmiotom przetwarzaj\u0105cym dane na zlecenie Administrator\u00f3w w zakresie us\u0142ug zwi\u0105zanych z prowadzeniem rekrutacji pracownik\u00f3w lub udost\u0119pnianiem system\u00f3w informatycznych dla cel\u00f3w rekrutacji \u2013 przy czym takie podmioty przetwarzaj\u0105 dane osobowe na podstawie umowy z Administratorami i wy\u0142\u0105cznie zgodnie z poleceniem Administrator\u00f3w.<br \/>\n         Twoje dane mog\u0105 by\u0107 udost\u0119pniane podmiotom z grupy kapita\u0142owej Havas Group Poland. Lista<br \/>\n         podmiot\u00f3w nale\u017c\u0105cych do grupy kapita\u0142owej znajduje si\u0119 w za\u0142\u0105czniku \u201e<a rel=\"noopener noreferrer\">Polityka prywatno\u015bci i pliki cookie\u201d,<\/a>\n      <\/li>\n<\/p>\n<p class=\"pb-0\">\n<li>\n         <strong>Przekazywanie danych poza Europejski Obszar Gospodarczy  <\/strong><br \/>\n         Twoje dane osobowe nie b\u0119d\u0105 przekazywane poza Europejski Obszar Gospodarczy.\n      <\/li>\n<\/p>\n<p class=\"pb-0\">\n<li>\n         <strong>  Twoje prawa zwi\u0105zane z przetwarzaniem danych osobowych <\/strong><br \/>\n         Masz nast\u0119puj\u0105ce prawa zwi\u0105zane z przetwarzaniem danych osobowych:<br \/>\n         a. prawo do wycofania zgody, &nbsp;<br \/>\n         b. prawo dost\u0119pu do Twoich danych osobowych,<br \/>\n         c. prawo \u017c\u0105dania sprostowania Twoich danych osobowych,<br \/>\n         d. prawo \u017c\u0105dania usuni\u0119cia Twoich danych osobowych,<br \/>\n         e. prawo \u017c\u0105dania ograniczenia przetwarzania Twoich danych osobowych,<br \/>\n         f. prawo wyra\u017cenia sprzeciwu wobec przetwarzania Twoich danych ze wzgl\u0119du na Twoj\u0105 szczeg\u00f3ln\u0105 sytuacj\u0119 \u2013 w przypadkach, kiedy przetwarzamy Twoje dane na podstawie naszego prawnie uzasadnionego interesu,<br \/>\n         g.\u202fprawo do przenoszenia Twoich danych osobowych, tj. prawo otrzymania od nas Twoich danych osobowych, w ustrukturyzowanym, powszechnie u\u017cywanym formacie informatycznym nadaj\u0105cym si\u0119 do odczytu maszynowego. Mo\u017cesz przes\u0142a\u0107 te dane innemu administratorowi danych lub za\u017c\u0105da\u0107, aby\u015bmy przes\u0142ali Twoje dane do innego administratora. Jednak\u017ce zrobimy to tylko je\u015bli takie przes\u0142anie jest technicznie mo\u017cliwe. Prawo do przenoszenia danych osobowych przys\u0142uguje Ci tylko co do tych danych, kt\u00f3re przetwarzamy na podstawie umowy z Tob\u0105 lub na podstawie Twojej zgody,<br \/>\n         Aby skorzysta\u0107 z powy\u017cszych praw, skontaktuj si\u0119 z nami lub z naszym Inspektorem Ochrony Danych (dane kontaktowe w punktach 1 i 2 powy\u017cej)<br \/>\n         Prawo wycofania zgody<br \/>\n         W zakresie, w jakim Twoje dane s\u0105 przetwarzane na podstawie zgody  \u2013 masz prawo wycofania zgody na przetwarzanie danych w dowolnym momencie. Wycofanie zgody nie ma wp\u0142ywu na zgodno\u015b\u0107 z prawem przetwarzania, kt\u00f3rego dokonano na podstawie Twojej zgody przed jej wycofaniem.<br \/>\n         Prawo wniesienia skargi do organu<br \/>\n         Przys\u0142uguje Ci tak\u017ce prawo wniesienia skargi do organu nadzorczego zajmuj\u0105cego si\u0119 ochron\u0105 danych osobowych, tj. Prezesa Urz\u0119du Ochrony Danych Osobowych.<\/p>\n<p class=\"pb-0 mb-0 pt-3\"><strong>Urz\u0105d Ochrony Danych Osobowych<\/strong><\/p>\n<p class=\"pb-0 mb-0\">ul. Stawki 2<\/p>\n<p class=\"pb-0 mb-0\">00-193 Warszawa<\/p>\n<\/li>\n<p class=\"pb-0\">\n<li>\n         <strong>Obowi\u0105zek podania danych <\/strong><br \/>\n         Obowi\u0105zek podania przez Ciebie danych osobowych wynika w szczeg\u00f3lno\u015bci z przepis\u00f3w prawa wskazanych w pkt 3 powy\u017cej Poza tym podanie danych jest konieczne do zawarcia i wykonywania umowy o prac\u0119 \u2013 bez podania danych osobowych nie jest mo\u017cliwe zawarcie umowy o prac\u0119.\n      <\/li>\n<\/ol>\n<\/div>\n","protected":false},"excerpt":{"rendered":"<p>Administrator Danych Osobowych Administratorami Twoich danych osobowych b\u0119d\u0105: Havas Warsaw Sp. z o.o. z siedzib\u0105 w Warszawie, ul. J\u00f3zefa Piusa Dzieko\u0144skiego 1, 00-728 Warszawa oraz Havas Media Sp. z o.o. z siedzib\u0105 w Warszawie, ul. J\u00f3zefa Piusa Dzieko\u0144skiego 1, 00-728 Warszawa (dalej: \u201eAdministratorzy\u201d). Mo\u017cesz si\u0119 z nami skontaktowa\u0107 w nast\u0119puj\u0105cy spos\u00f3b: 1.1 listownie na adres: [&hellip;]<\/p>\n","protected":false},"author":1,"featured_media":0,"parent":0,"menu_order":0,"comment_status":"closed","ping_status":"closed","template":"","meta":{"footnotes":""},"class_list":["post-2267","page","type-page","status-publish","hentry","entry"],"yoast_head":"<!-- This site is optimized with the Yoast SEO plugin v27.3 - https:\/\/yoast.com\/product\/yoast-seo-wordpress\/ -->\n<title>Terms of personal data processing - Havas Poland<\/title>\n<meta name=\"robots\" content=\"index, follow, max-snippet:-1, max-image-preview:large, max-video-preview:-1\" \/>\n<link rel=\"canonical\" href=\"https:\/\/pl.havas.com\/en\/terms-of-personal-data-processing\/\" \/>\n<meta property=\"og:locale\" content=\"en_US\" \/>\n<meta property=\"og:type\" content=\"article\" \/>\n<meta property=\"og:title\" content=\"Terms of personal data processing - Havas Poland\" \/>\n<meta property=\"og:description\" content=\"Administrator Danych Osobowych Administratorami Twoich danych osobowych b\u0119d\u0105: Havas Warsaw Sp. z o.o. z siedzib\u0105 w Warszawie, ul. J\u00f3zefa Piusa Dzieko\u0144skiego 1, 00-728 Warszawa oraz Havas Media Sp. z o.o. z siedzib\u0105 w Warszawie, ul. J\u00f3zefa Piusa Dzieko\u0144skiego 1, 00-728 Warszawa (dalej: \u201eAdministratorzy\u201d). Mo\u017cesz si\u0119 z nami skontaktowa\u0107 w nast\u0119puj\u0105cy spos\u00f3b: 1.1 listownie na adres: [&hellip;]\" \/>\n<meta property=\"og:url\" content=\"https:\/\/pl.havas.com\/en\/terms-of-personal-data-processing\/\" \/>\n<meta property=\"og:site_name\" content=\"Havas Poland\" \/>\n<meta property=\"article:modified_time\" content=\"2023-12-12T09:44:12+00:00\" \/>\n<meta name=\"twitter:card\" content=\"summary_large_image\" \/>\n<meta name=\"twitter:label1\" content=\"Est. reading time\" \/>\n\t<meta name=\"twitter:data1\" content=\"18 minutes\" \/>\n<script type=\"application\/ld+json\" class=\"yoast-schema-graph\">{\"@context\":\"https:\\\/\\\/schema.org\",\"@graph\":[{\"@type\":\"WebPage\",\"@id\":\"https:\\\/\\\/pl.havas.com\\\/en\\\/terms-of-personal-data-processing\\\/\",\"url\":\"https:\\\/\\\/pl.havas.com\\\/en\\\/terms-of-personal-data-processing\\\/\",\"name\":\"Terms of personal data processing - Havas Poland\",\"isPartOf\":{\"@id\":\"https:\\\/\\\/pl.havas.com\\\/#website\"},\"datePublished\":\"2023-12-12T08:05:25+00:00\",\"dateModified\":\"2023-12-12T09:44:12+00:00\",\"inLanguage\":\"en-US\",\"potentialAction\":[{\"@type\":\"ReadAction\",\"target\":[\"https:\\\/\\\/pl.havas.com\\\/en\\\/terms-of-personal-data-processing\\\/\"]}]},{\"@type\":\"WebSite\",\"@id\":\"https:\\\/\\\/pl.havas.com\\\/#website\",\"url\":\"https:\\\/\\\/pl.havas.com\\\/\",\"name\":\"Havas Poland\",\"description\":\"Just another Havas Village EU Sites site\",\"potentialAction\":[{\"@type\":\"SearchAction\",\"target\":{\"@type\":\"EntryPoint\",\"urlTemplate\":\"https:\\\/\\\/pl.havas.com\\\/?s={search_term_string}\"},\"query-input\":{\"@type\":\"PropertyValueSpecification\",\"valueRequired\":true,\"valueName\":\"search_term_string\"}}],\"inLanguage\":\"en-US\"}]}<\/script>\n<!-- \/ Yoast SEO plugin. -->","yoast_head_json":{"title":"Terms of personal data processing - Havas Poland","robots":{"index":"index","follow":"follow","max-snippet":"max-snippet:-1","max-image-preview":"max-image-preview:large","max-video-preview":"max-video-preview:-1"},"canonical":"https:\/\/pl.havas.com\/en\/terms-of-personal-data-processing\/","og_locale":"en_US","og_type":"article","og_title":"Terms of personal data processing - Havas Poland","og_description":"Administrator Danych Osobowych Administratorami Twoich danych osobowych b\u0119d\u0105: Havas Warsaw Sp. z o.o. z siedzib\u0105 w Warszawie, ul. J\u00f3zefa Piusa Dzieko\u0144skiego 1, 00-728 Warszawa oraz Havas Media Sp. z o.o. z siedzib\u0105 w Warszawie, ul. J\u00f3zefa Piusa Dzieko\u0144skiego 1, 00-728 Warszawa (dalej: \u201eAdministratorzy\u201d). Mo\u017cesz si\u0119 z nami skontaktowa\u0107 w nast\u0119puj\u0105cy spos\u00f3b: 1.1 listownie na adres: [&hellip;]","og_url":"https:\/\/pl.havas.com\/en\/terms-of-personal-data-processing\/","og_site_name":"Havas Poland","article_modified_time":"2023-12-12T09:44:12+00:00","twitter_card":"summary_large_image","twitter_misc":{"Est. reading time":"18 minutes"},"schema":{"@context":"https:\/\/schema.org","@graph":[{"@type":"WebPage","@id":"https:\/\/pl.havas.com\/en\/terms-of-personal-data-processing\/","url":"https:\/\/pl.havas.com\/en\/terms-of-personal-data-processing\/","name":"Terms of personal data processing - Havas Poland","isPartOf":{"@id":"https:\/\/pl.havas.com\/#website"},"datePublished":"2023-12-12T08:05:25+00:00","dateModified":"2023-12-12T09:44:12+00:00","inLanguage":"en-US","potentialAction":[{"@type":"ReadAction","target":["https:\/\/pl.havas.com\/en\/terms-of-personal-data-processing\/"]}]},{"@type":"WebSite","@id":"https:\/\/pl.havas.com\/#website","url":"https:\/\/pl.havas.com\/","name":"Havas Poland","description":"Just another Havas Village EU Sites site","potentialAction":[{"@type":"SearchAction","target":{"@type":"EntryPoint","urlTemplate":"https:\/\/pl.havas.com\/?s={search_term_string}"},"query-input":{"@type":"PropertyValueSpecification","valueRequired":true,"valueName":"search_term_string"}}],"inLanguage":"en-US"}]}},"_links":{"self":[{"href":"https:\/\/pl.havas.com\/en\/wp-json\/wp\/v2\/pages\/2267","targetHints":{"allow":["GET"]}}],"collection":[{"href":"https:\/\/pl.havas.com\/en\/wp-json\/wp\/v2\/pages"}],"about":[{"href":"https:\/\/pl.havas.com\/en\/wp-json\/wp\/v2\/types\/page"}],"author":[{"embeddable":true,"href":"https:\/\/pl.havas.com\/en\/wp-json\/wp\/v2\/users\/1"}],"replies":[{"embeddable":true,"href":"https:\/\/pl.havas.com\/en\/wp-json\/wp\/v2\/comments?post=2267"}],"version-history":[{"count":0,"href":"https:\/\/pl.havas.com\/en\/wp-json\/wp\/v2\/pages\/2267\/revisions"}],"wp:attachment":[{"href":"https:\/\/pl.havas.com\/en\/wp-json\/wp\/v2\/media?parent=2267"}],"curies":[{"name":"wp","href":"https:\/\/api.w.org\/{rel}","templated":true}]}}